{"id":39,"date":"2026-05-11T07:21:42","date_gmt":"2026-05-11T07:21:42","guid":{"rendered":"http:\/\/mdk.app-web.ch\/?page_id=39"},"modified":"2026-05-11T11:41:31","modified_gmt":"2026-05-11T11:41:31","slug":"biens-vendus","status":"publish","type":"page","link":"http:\/\/mdk.app-web.ch\/fr\/biens-vendus\/","title":{"rendered":"Biens vendus"},"content":{"rendered":"","protected":false},"excerpt":{"rendered":"","protected":false},"author":1,"featured_media":0,"parent":0,"menu_order":0,"comment_status":"closed","ping_status":"closed","template":"","meta":{"_acf_changed":false,"footnotes":""},"class_list":["post-39","page","type-page","status-publish","hentry"],"acf":[],"yoast_head":"<!-- This site is optimized with the Yoast SEO plugin v27.5 - https:\/\/yoast.com\/product\/yoast-seo-wordpress\/ -->\n<title>Biens vendus - MDK Immobilier &amp; Fiduciaire SA<\/title>\n<meta name=\"robots\" content=\"noindex, follow, max-snippet:-1, max-image-preview:large, max-video-preview:-1\" \/>\n<meta property=\"og:locale\" content=\"fr_FR\" \/>\n<meta property=\"og:type\" content=\"article\" \/>\n<meta property=\"og:title\" content=\"Biens vendus - MDK Immobilier &amp; Fiduciaire SA\" \/>\n<meta property=\"og:url\" content=\"https:\/\/mdk.app-web.ch\/fr\/biens-vendus\/\" \/>\n<meta property=\"og:site_name\" content=\"MDK Immobilier &amp; Fiduciaire SA\" \/>\n<meta property=\"article:publisher\" content=\"https:\/\/www.facebook.com\/profile.php?id=100034425526211&amp;fref=ts\" \/>\n<meta property=\"article:modified_time\" content=\"2026-05-11T11:41:31+00:00\" \/>\n<meta name=\"twitter:card\" content=\"summary_large_image\" \/>\n<script type=\"application\/ld+json\" class=\"yoast-schema-graph\">{\"@context\":\"https:\\\/\\\/schema.org\",\"@graph\":[{\"@type\":\"WebPage\",\"@id\":\"https:\\\/\\\/mdk.app-web.ch\\\/fr\\\/biens-vendus\\\/\",\"url\":\"https:\\\/\\\/mdk.app-web.ch\\\/fr\\\/biens-vendus\\\/\",\"name\":\"Biens vendus - MDK Immobilier & Fiduciaire SA\",\"isPartOf\":{\"@id\":\"https:\\\/\\\/mdk.app-web.ch\\\/#website\"},\"datePublished\":\"2026-05-11T07:21:42+00:00\",\"dateModified\":\"2026-05-11T11:41:31+00:00\",\"breadcrumb\":{\"@id\":\"https:\\\/\\\/mdk.app-web.ch\\\/fr\\\/biens-vendus\\\/#breadcrumb\"},\"inLanguage\":\"fr-FR\",\"potentialAction\":[{\"@type\":\"ReadAction\",\"target\":[\"https:\\\/\\\/mdk.app-web.ch\\\/fr\\\/biens-vendus\\\/\"]}]},{\"@type\":\"BreadcrumbList\",\"@id\":\"https:\\\/\\\/mdk.app-web.ch\\\/fr\\\/biens-vendus\\\/#breadcrumb\",\"itemListElement\":[{\"@type\":\"ListItem\",\"position\":1,\"name\":\"Accueil\",\"item\":\"https:\\\/\\\/mdk.app-web.ch\\\/fr\\\/\"},{\"@type\":\"ListItem\",\"position\":2,\"name\":\"Biens vendus\"}]},{\"@type\":\"WebSite\",\"@id\":\"https:\\\/\\\/mdk.app-web.ch\\\/#website\",\"url\":\"https:\\\/\\\/mdk.app-web.ch\\\/\",\"name\":\"MDK Immobilier & Fiduciaire SA\",\"description\":\"MDK Immobilier et Fiduciaire, votre sp\u00e9cialiste de l&#039;immobilier, courtage, g\u00e9rance promotion \u00e0 Champ\u00e9ry, Monthey, Chablais, Portes-du-Soleil, Valais, Suisse\",\"publisher\":{\"@id\":\"https:\\\/\\\/mdk.app-web.ch\\\/#organization\"},\"alternateName\":\"MDK\",\"potentialAction\":[{\"@type\":\"SearchAction\",\"target\":{\"@type\":\"EntryPoint\",\"urlTemplate\":\"https:\\\/\\\/mdk.app-web.ch\\\/?s={search_term_string}\"},\"query-input\":{\"@type\":\"PropertyValueSpecification\",\"valueRequired\":true,\"valueName\":\"search_term_string\"}}],\"inLanguage\":\"fr-FR\"},{\"@type\":\"Organization\",\"@id\":\"https:\\\/\\\/mdk.app-web.ch\\\/#organization\",\"name\":\"MDK Immobilier & Fiduciaire SA\",\"alternateName\":\"MDK\",\"url\":\"https:\\\/\\\/mdk.app-web.ch\\\/\",\"logo\":{\"@type\":\"ImageObject\",\"inLanguage\":\"fr-FR\",\"@id\":\"https:\\\/\\\/mdk.app-web.ch\\\/#\\\/schema\\\/logo\\\/image\\\/\",\"url\":\"https:\\\/\\\/mdk.app-web.ch\\\/wp-content\\\/uploads\\\/2026\\\/05\\\/68fcc6d15666026e153cc67890ffce14.webp\",\"contentUrl\":\"https:\\\/\\\/mdk.app-web.ch\\\/wp-content\\\/uploads\\\/2026\\\/05\\\/68fcc6d15666026e153cc67890ffce14.webp\",\"width\":180,\"height\":139,\"caption\":\"MDK Immobilier & Fiduciaire SA\"},\"image\":{\"@id\":\"https:\\\/\\\/mdk.app-web.ch\\\/#\\\/schema\\\/logo\\\/image\\\/\"},\"sameAs\":[\"https:\\\/\\\/www.facebook.com\\\/profile.php?id=100034425526211&fref=ts\",\"https:\\\/\\\/www.youtube.com\\\/user\\\/MDKimmobilierTV\",\"https:\\\/\\\/www.instagram.com\\\/mdkimmobilier\\\/reels\\\/?locale=gb&hl=am-et\"]}]}<\/script>\n<!-- \/ Yoast SEO plugin. -->","yoast_head_json":{"title":"Biens vendus - MDK Immobilier & Fiduciaire SA","robots":{"index":"noindex","follow":"follow","max-snippet":"max-snippet:-1","max-image-preview":"max-image-preview:large","max-video-preview":"max-video-preview:-1"},"og_locale":"fr_FR","og_type":"article","og_title":"Biens vendus - MDK Immobilier & Fiduciaire SA","og_url":"https:\/\/mdk.app-web.ch\/fr\/biens-vendus\/","og_site_name":"MDK Immobilier & Fiduciaire SA","article_publisher":"https:\/\/www.facebook.com\/profile.php?id=100034425526211&fref=ts","article_modified_time":"2026-05-11T11:41:31+00:00","twitter_card":"summary_large_image","schema":{"@context":"https:\/\/schema.org","@graph":[{"@type":"WebPage","@id":"https:\/\/mdk.app-web.ch\/fr\/biens-vendus\/","url":"https:\/\/mdk.app-web.ch\/fr\/biens-vendus\/","name":"Biens vendus - MDK Immobilier & Fiduciaire SA","isPartOf":{"@id":"https:\/\/mdk.app-web.ch\/#website"},"datePublished":"2026-05-11T07:21:42+00:00","dateModified":"2026-05-11T11:41:31+00:00","breadcrumb":{"@id":"https:\/\/mdk.app-web.ch\/fr\/biens-vendus\/#breadcrumb"},"inLanguage":"fr-FR","potentialAction":[{"@type":"ReadAction","target":["https:\/\/mdk.app-web.ch\/fr\/biens-vendus\/"]}]},{"@type":"BreadcrumbList","@id":"https:\/\/mdk.app-web.ch\/fr\/biens-vendus\/#breadcrumb","itemListElement":[{"@type":"ListItem","position":1,"name":"Accueil","item":"https:\/\/mdk.app-web.ch\/fr\/"},{"@type":"ListItem","position":2,"name":"Biens vendus"}]},{"@type":"WebSite","@id":"https:\/\/mdk.app-web.ch\/#website","url":"https:\/\/mdk.app-web.ch\/","name":"MDK Immobilier & Fiduciaire SA","description":"MDK Immobilier et Fiduciaire, votre sp\u00e9cialiste de l&#039;immobilier, courtage, g\u00e9rance promotion \u00e0 Champ\u00e9ry, Monthey, Chablais, Portes-du-Soleil, Valais, Suisse","publisher":{"@id":"https:\/\/mdk.app-web.ch\/#organization"},"alternateName":"MDK","potentialAction":[{"@type":"SearchAction","target":{"@type":"EntryPoint","urlTemplate":"https:\/\/mdk.app-web.ch\/?s={search_term_string}"},"query-input":{"@type":"PropertyValueSpecification","valueRequired":true,"valueName":"search_term_string"}}],"inLanguage":"fr-FR"},{"@type":"Organization","@id":"https:\/\/mdk.app-web.ch\/#organization","name":"MDK Immobilier & Fiduciaire SA","alternateName":"MDK","url":"https:\/\/mdk.app-web.ch\/","logo":{"@type":"ImageObject","inLanguage":"fr-FR","@id":"https:\/\/mdk.app-web.ch\/#\/schema\/logo\/image\/","url":"https:\/\/mdk.app-web.ch\/wp-content\/uploads\/2026\/05\/68fcc6d15666026e153cc67890ffce14.webp","contentUrl":"https:\/\/mdk.app-web.ch\/wp-content\/uploads\/2026\/05\/68fcc6d15666026e153cc67890ffce14.webp","width":180,"height":139,"caption":"MDK Immobilier & Fiduciaire SA"},"image":{"@id":"https:\/\/mdk.app-web.ch\/#\/schema\/logo\/image\/"},"sameAs":["https:\/\/www.facebook.com\/profile.php?id=100034425526211&fref=ts","https:\/\/www.youtube.com\/user\/MDKimmobilierTV","https:\/\/www.instagram.com\/mdkimmobilier\/reels\/?locale=gb&hl=am-et"]}]}},"_links":{"self":[{"href":"http:\/\/mdk.app-web.ch\/fr\/wp-json\/wp\/v2\/pages\/39","targetHints":{"allow":["GET"]}}],"collection":[{"href":"http:\/\/mdk.app-web.ch\/fr\/wp-json\/wp\/v2\/pages"}],"about":[{"href":"http:\/\/mdk.app-web.ch\/fr\/wp-json\/wp\/v2\/types\/page"}],"author":[{"embeddable":true,"href":"http:\/\/mdk.app-web.ch\/fr\/wp-json\/wp\/v2\/users\/1"}],"replies":[{"embeddable":true,"href":"http:\/\/mdk.app-web.ch\/fr\/wp-json\/wp\/v2\/comments?post=39"}],"version-history":[{"count":1,"href":"http:\/\/mdk.app-web.ch\/fr\/wp-json\/wp\/v2\/pages\/39\/revisions"}],"predecessor-version":[{"id":120,"href":"http:\/\/mdk.app-web.ch\/fr\/wp-json\/wp\/v2\/pages\/39\/revisions\/120"}],"wp:attachment":[{"href":"http:\/\/mdk.app-web.ch\/fr\/wp-json\/wp\/v2\/media?parent=39"}],"curies":[{"name":"wp","href":"https:\/\/api.w.org\/{rel}","templated":true}]}}